{"id":64,"date":"2022-08-04T13:39:51","date_gmt":"2022-08-04T16:39:51","guid":{"rendered":"http:\/\/cristinalonghifotografia.com.br\/?page_id=64"},"modified":"2022-08-09T15:33:58","modified_gmt":"2022-08-09T18:33:58","slug":"ensaios-femininos","status":"publish","type":"page","link":"https:\/\/cristinalonghifotografia.com.br\/?page_id=64","title":{"rendered":"Ensaios Femininos"},"content":{"rendered":"\n<p style=\"font-size:22px;font-style:normal;font-weight:500\">Fotografar mulheres \u00e9 sempre muito bom e desafiador!<\/p>\n\n\n\n<p style=\"font-size:22px;font-style:normal;font-weight:500\">Cada mulher \u00e9 \u00fanica e especial, mas nem sempre todas se veem desta forma e \u00e9 a\u00ed que entra o desafio, mostrar a ela que sua beleza ultrapassa os estere\u00f3tipos que a &#8220;sociedade&#8221; imp\u00f5e \u00e0s mulheres! \u00c9 preciso enxergar que por tr\u00e1s de um um corpo, uma roupa ou uma maquiagem existe uma mulher incr\u00edvel, inteligente, s\u00e1bia, batalhadora e que tem sua beleza pessoal, sua simpatia, sua forma de ver o mundo!<\/p>\n\n\n<div class=\"carousel-slider-outer carousel-slider-outer-image-carousel carousel-slider-outer-236\" style=\"--carousel-slider-nav-color:#f1f1f1;--carousel-slider-active-nav-color:#00d1b2;--carousel-slider-arrow-size:48px;--carousel-slider-bullet-size:10px\">\n<div id=\"&#039;id-236\" class=\"carousel-slider carousel-slider-236 arrows-visibility-hover dots-visibility-never arrows-outside dots-center dots-circle owl-carousel\" data-slide-type=\"image-carousel\" data-owl-settings='{\"nav\":true,\"dots\":false,\"slideBy\":1,\"stagePadding\":0,\"margin\":10,\"loop\":true,\"lazyLoad\":false,\"autoplay\":true,\"autoplayTimeout\":5000,\"autoplaySpeed\":500,\"autoplayHoverPause\":true,\"autoWidth\":false,\"responsive\":{\"300\":{\"items\":1},\"576\":{\"items\":2},\"768\":{\"items\":2},\"1024\":{\"items\":3},\"1280\":{\"items\":4},\"1536\":{\"items\":5}}}'>\n<div class=\"carousel-slider__item\">\n\t<a class=\"magnific-popup\" href=\"https:\/\/cristinalonghifotografia.com.br\/wp-content\/uploads\/2022\/08\/feminino1.jpg\" data-width=\"456\" data-height=\"504\"><img loading=\"lazy\" decoding=\"async\" width=\"456\" height=\"504\" src=\"https:\/\/cristinalonghifotografia.com.br\/wp-content\/uploads\/2022\/08\/feminino1.jpg\" class=\"attachment-full size-full\" alt=\"\" srcset=\"https:\/\/cristinalonghifotografia.com.br\/wp-content\/uploads\/2022\/08\/feminino1.jpg 456w, https:\/\/cristinalonghifotografia.com.br\/wp-content\/uploads\/2022\/08\/feminino1-271x300.jpg 271w\" sizes=\"auto, (max-width: 456px) 100vw, 456px\" \/><div class=\"carousel-slider__caption\"><p class=\"caption\"><\/p><\/div><\/a><\/div>\n\n<div class=\"carousel-slider__item\">\n\t<a class=\"magnific-popup\" href=\"https:\/\/cristinalonghifotografia.com.br\/wp-content\/uploads\/2022\/08\/feminino2.jpg\" data-width=\"456\" data-height=\"504\"><img loading=\"lazy\" decoding=\"async\" width=\"456\" height=\"504\" src=\"https:\/\/cristinalonghifotografia.com.br\/wp-content\/uploads\/2022\/08\/feminino2.jpg\" class=\"attachment-full size-full\" alt=\"\" srcset=\"https:\/\/cristinalonghifotografia.com.br\/wp-content\/uploads\/2022\/08\/feminino2.jpg 456w, https:\/\/cristinalonghifotografia.com.br\/wp-content\/uploads\/2022\/08\/feminino2-271x300.jpg 271w\" sizes=\"auto, (max-width: 456px) 100vw, 456px\" \/><div class=\"carousel-slider__caption\"><p class=\"caption\"><\/p><\/div><\/a><\/div>\n\n<div class=\"carousel-slider__item\">\n\t<a class=\"magnific-popup\" href=\"https:\/\/cristinalonghifotografia.com.br\/wp-content\/uploads\/2022\/08\/feminino3.jpg\" data-width=\"456\" data-height=\"504\"><img loading=\"lazy\" decoding=\"async\" width=\"456\" height=\"504\" src=\"https:\/\/cristinalonghifotografia.com.br\/wp-content\/uploads\/2022\/08\/feminino3.jpg\" class=\"attachment-full size-full\" alt=\"\" srcset=\"https:\/\/cristinalonghifotografia.com.br\/wp-content\/uploads\/2022\/08\/feminino3.jpg 456w, https:\/\/cristinalonghifotografia.com.br\/wp-content\/uploads\/2022\/08\/feminino3-271x300.jpg 271w\" sizes=\"auto, (max-width: 456px) 100vw, 456px\" \/><div class=\"carousel-slider__caption\"><p class=\"caption\"><\/p><\/div><\/a><\/div>\n\n<div class=\"carousel-slider__item\">\n\t<a class=\"magnific-popup\" href=\"https:\/\/cristinalonghifotografia.com.br\/wp-content\/uploads\/2022\/08\/feminino4.jpg\" data-width=\"456\" data-height=\"504\"><img loading=\"lazy\" decoding=\"async\" width=\"456\" height=\"504\" src=\"https:\/\/cristinalonghifotografia.com.br\/wp-content\/uploads\/2022\/08\/feminino4.jpg\" class=\"attachment-full size-full\" alt=\"\" srcset=\"https:\/\/cristinalonghifotografia.com.br\/wp-content\/uploads\/2022\/08\/feminino4.jpg 456w, https:\/\/cristinalonghifotografia.com.br\/wp-content\/uploads\/2022\/08\/feminino4-271x300.jpg 271w\" sizes=\"auto, (max-width: 456px) 100vw, 456px\" \/><div class=\"carousel-slider__caption\"><p class=\"caption\"><\/p><\/div><\/a><\/div>\n\n<div class=\"carousel-slider__item\">\n\t<a class=\"magnific-popup\" href=\"https:\/\/cristinalonghifotografia.com.br\/wp-content\/uploads\/2022\/08\/feminino5.jpg\" data-width=\"456\" data-height=\"504\"><img loading=\"lazy\" decoding=\"async\" width=\"456\" height=\"504\" src=\"https:\/\/cristinalonghifotografia.com.br\/wp-content\/uploads\/2022\/08\/feminino5.jpg\" class=\"attachment-full size-full\" alt=\"\" srcset=\"https:\/\/cristinalonghifotografia.com.br\/wp-content\/uploads\/2022\/08\/feminino5.jpg 456w, https:\/\/cristinalonghifotografia.com.br\/wp-content\/uploads\/2022\/08\/feminino5-271x300.jpg 271w\" sizes=\"auto, (max-width: 456px) 100vw, 456px\" \/><div class=\"carousel-slider__caption\"><p class=\"caption\"><\/p><\/div><\/a><\/div>\n\n<\/div><!-- .carousel-slider-236 -->\n<\/div><!-- .carousel-slider-outer-236 -->\n\n\n\n\n<p style=\"font-size:22px\"><br><strong>(11) 98378-6485<\/strong><\/p>\n","protected":false},"excerpt":{"rendered":"<p>Fotografar mulheres \u00e9 sempre muito bom e desafiador! Cada mulher \u00e9 \u00fanica e especial, mas nem sempre todas se veem desta forma e \u00e9 a\u00ed que entra o desafio, mostrar a ela que sua beleza ultrapassa os estere\u00f3tipos que a &#8220;sociedade&#8221; imp\u00f5e \u00e0s mulheres! \u00c9 preciso enxergar que por tr\u00e1s de um um corpo, uma [&hellip;]<\/p>\n","protected":false},"author":1,"featured_media":0,"parent":0,"menu_order":0,"comment_status":"closed","ping_status":"closed","template":"","meta":{"footnotes":""},"class_list":["post-64","page","type-page","status-publish","hentry"],"_links":{"self":[{"href":"https:\/\/cristinalonghifotografia.com.br\/index.php?rest_route=\/wp\/v2\/pages\/64","targetHints":{"allow":["GET"]}}],"collection":[{"href":"https:\/\/cristinalonghifotografia.com.br\/index.php?rest_route=\/wp\/v2\/pages"}],"about":[{"href":"https:\/\/cristinalonghifotografia.com.br\/index.php?rest_route=\/wp\/v2\/types\/page"}],"author":[{"embeddable":true,"href":"https:\/\/cristinalonghifotografia.com.br\/index.php?rest_route=\/wp\/v2\/users\/1"}],"replies":[{"embeddable":true,"href":"https:\/\/cristinalonghifotografia.com.br\/index.php?rest_route=%2Fwp%2Fv2%2Fcomments&post=64"}],"version-history":[{"count":3,"href":"https:\/\/cristinalonghifotografia.com.br\/index.php?rest_route=\/wp\/v2\/pages\/64\/revisions"}],"predecessor-version":[{"id":247,"href":"https:\/\/cristinalonghifotografia.com.br\/index.php?rest_route=\/wp\/v2\/pages\/64\/revisions\/247"}],"wp:attachment":[{"href":"https:\/\/cristinalonghifotografia.com.br\/index.php?rest_route=%2Fwp%2Fv2%2Fmedia&parent=64"}],"curies":[{"name":"wp","href":"https:\/\/api.w.org\/{rel}","templated":true}]}}