{"id":62,"date":"2022-08-04T13:39:37","date_gmt":"2022-08-04T16:39:37","guid":{"rendered":"http:\/\/cristinalonghifotografia.com.br\/?page_id=62"},"modified":"2022-08-09T15:33:14","modified_gmt":"2022-08-09T18:33:14","slug":"fotografia-de-familia","status":"publish","type":"page","link":"https:\/\/cristinalonghifotografia.com.br\/?page_id=62","title":{"rendered":"Fotografia de Fam\u00edlia"},"content":{"rendered":"\n<p style=\"font-size:22px;font-style:normal;font-weight:500\">O tempo passa r\u00e1pido e os anos parecem voar. Assim, s\u00f3 o que nos resta s\u00e3o as mem\u00f3rias das coisas boas que vivemos. Mas ser\u00e1 que \u00e9 poss\u00edvel prolongar esses momentos ou guard\u00e1-los de uma maneira mais concreta? A resposta \u00e9 sim! A fotografia nos permite isso! E quando o assunto s\u00e3o as lembran\u00e7as familiares ela se torna ainda mais importante e necess\u00e1ria. Afinal, o que voc\u00ea pretende mostrar para os seus filhos quando eles crescerem?<\/p>\n\n\n\n<p style=\"font-size:22px;font-style:normal;font-weight:500\">Seguindo a tend\u00eancia dos novos modelos familiares, a fotografia de fam\u00edlia n\u00e3o tem uma defini\u00e7\u00e3o \u00fanica. Diferente do que muita gente pensa, ela n\u00e3o est\u00e1 restrita a pai, m\u00e3e e filho. Ela engloba os ensaios de gestante, ensaios de casal, ensaios entre pais e filhos, av\u00f3s, tios, irm\u00e3os, etc.<br><br>N\u00e3o importa quem est\u00e1 na foto. O importante \u00e9 transmitir todo o sentimento existente entre as pessoas fotografadas. Eternizando a rela\u00e7\u00e3o que existe ali. Por isso, esse tipo de ensaio pode ser realizado a qualquer momento, seja antes de uma data especial ou n\u00e3o.<br><br>Quando foi a \u00faltima vez que voc\u00ea teve uma tarde divertida em fam\u00edlia? Essa pode ser a oportunidade perfeita para realizar a sua sess\u00e3o de fotos! Al\u00e9m de garantir um registro real, espont\u00e2neo e cheio de emo\u00e7\u00e3o, voc\u00eas v\u00e3o dividir uma experi\u00eancia \u00fanica ao serem fotografados.<\/p>\n\n\n<div class=\"carousel-slider-outer carousel-slider-outer-image-carousel carousel-slider-outer-228\" style=\"--carousel-slider-nav-color:#f1f1f1;--carousel-slider-active-nav-color:#00d1b2;--carousel-slider-arrow-size:48px;--carousel-slider-bullet-size:10px\">\n<div id=\"&#039;id-228\" class=\"carousel-slider carousel-slider-228 arrows-visibility-hover dots-visibility-never arrows-outside dots-center dots-circle owl-carousel\" data-slide-type=\"image-carousel\" data-owl-settings='{\"nav\":true,\"dots\":false,\"slideBy\":1,\"stagePadding\":0,\"margin\":10,\"loop\":true,\"lazyLoad\":false,\"autoplay\":true,\"autoplayTimeout\":5000,\"autoplaySpeed\":500,\"autoplayHoverPause\":true,\"autoWidth\":false,\"responsive\":{\"300\":{\"items\":1},\"576\":{\"items\":2},\"768\":{\"items\":2},\"1024\":{\"items\":3},\"1280\":{\"items\":4},\"1536\":{\"items\":5}}}'>\n<div class=\"carousel-slider__item\">\n\t<a class=\"magnific-popup\" href=\"https:\/\/cristinalonghifotografia.com.br\/wp-content\/uploads\/2022\/08\/familia1.jpg\" data-width=\"456\" data-height=\"504\"><img loading=\"lazy\" decoding=\"async\" width=\"456\" height=\"504\" src=\"https:\/\/cristinalonghifotografia.com.br\/wp-content\/uploads\/2022\/08\/familia1.jpg\" class=\"attachment-full size-full\" alt=\"\" srcset=\"https:\/\/cristinalonghifotografia.com.br\/wp-content\/uploads\/2022\/08\/familia1.jpg 456w, https:\/\/cristinalonghifotografia.com.br\/wp-content\/uploads\/2022\/08\/familia1-271x300.jpg 271w\" sizes=\"auto, (max-width: 456px) 100vw, 456px\" \/><div class=\"carousel-slider__caption\"><p class=\"caption\"><\/p><\/div><\/a><\/div>\n\n<div class=\"carousel-slider__item\">\n\t<a class=\"magnific-popup\" href=\"https:\/\/cristinalonghifotografia.com.br\/wp-content\/uploads\/2022\/08\/familia2.jpg\" data-width=\"456\" data-height=\"504\"><img loading=\"lazy\" decoding=\"async\" width=\"456\" height=\"504\" src=\"https:\/\/cristinalonghifotografia.com.br\/wp-content\/uploads\/2022\/08\/familia2.jpg\" class=\"attachment-full size-full\" alt=\"\" srcset=\"https:\/\/cristinalonghifotografia.com.br\/wp-content\/uploads\/2022\/08\/familia2.jpg 456w, https:\/\/cristinalonghifotografia.com.br\/wp-content\/uploads\/2022\/08\/familia2-271x300.jpg 271w\" sizes=\"auto, (max-width: 456px) 100vw, 456px\" \/><div class=\"carousel-slider__caption\"><p class=\"caption\"><\/p><\/div><\/a><\/div>\n\n<div class=\"carousel-slider__item\">\n\t<a class=\"magnific-popup\" href=\"https:\/\/cristinalonghifotografia.com.br\/wp-content\/uploads\/2022\/08\/familia3.jpg\" data-width=\"456\" data-height=\"504\"><img loading=\"lazy\" decoding=\"async\" width=\"456\" height=\"504\" src=\"https:\/\/cristinalonghifotografia.com.br\/wp-content\/uploads\/2022\/08\/familia3.jpg\" class=\"attachment-full size-full\" alt=\"\" srcset=\"https:\/\/cristinalonghifotografia.com.br\/wp-content\/uploads\/2022\/08\/familia3.jpg 456w, https:\/\/cristinalonghifotografia.com.br\/wp-content\/uploads\/2022\/08\/familia3-271x300.jpg 271w\" sizes=\"auto, (max-width: 456px) 100vw, 456px\" \/><div class=\"carousel-slider__caption\"><p class=\"caption\"><\/p><\/div><\/a><\/div>\n\n<div class=\"carousel-slider__item\">\n\t<a class=\"magnific-popup\" href=\"https:\/\/cristinalonghifotografia.com.br\/wp-content\/uploads\/2022\/08\/familia4.jpg\" data-width=\"456\" data-height=\"504\"><img loading=\"lazy\" decoding=\"async\" width=\"456\" height=\"504\" src=\"https:\/\/cristinalonghifotografia.com.br\/wp-content\/uploads\/2022\/08\/familia4.jpg\" class=\"attachment-full size-full\" alt=\"\" srcset=\"https:\/\/cristinalonghifotografia.com.br\/wp-content\/uploads\/2022\/08\/familia4.jpg 456w, https:\/\/cristinalonghifotografia.com.br\/wp-content\/uploads\/2022\/08\/familia4-271x300.jpg 271w\" sizes=\"auto, (max-width: 456px) 100vw, 456px\" \/><div class=\"carousel-slider__caption\"><p class=\"caption\"><\/p><\/div><\/a><\/div>\n\n<div class=\"carousel-slider__item\">\n\t<a class=\"magnific-popup\" href=\"https:\/\/cristinalonghifotografia.com.br\/wp-content\/uploads\/2022\/08\/familia5.jpg\" data-width=\"456\" data-height=\"504\"><img loading=\"lazy\" decoding=\"async\" width=\"456\" height=\"504\" src=\"https:\/\/cristinalonghifotografia.com.br\/wp-content\/uploads\/2022\/08\/familia5.jpg\" class=\"attachment-full size-full\" alt=\"\" srcset=\"https:\/\/cristinalonghifotografia.com.br\/wp-content\/uploads\/2022\/08\/familia5.jpg 456w, https:\/\/cristinalonghifotografia.com.br\/wp-content\/uploads\/2022\/08\/familia5-271x300.jpg 271w\" sizes=\"auto, (max-width: 456px) 100vw, 456px\" \/><div class=\"carousel-slider__caption\"><p class=\"caption\"><\/p><\/div><\/a><\/div>\n\n<\/div><!-- .carousel-slider-228 -->\n<\/div><!-- .carousel-slider-outer-228 -->\n\n\n\n\n<p style=\"font-size:22px\"><br><strong>(11) 98378-6485<\/strong><\/p>\n","protected":false},"excerpt":{"rendered":"<p>O tempo passa r\u00e1pido e os anos parecem voar. Assim, s\u00f3 o que nos resta s\u00e3o as mem\u00f3rias das coisas boas que vivemos. Mas ser\u00e1 que \u00e9 poss\u00edvel prolongar esses momentos ou guard\u00e1-los de uma maneira mais concreta? A resposta \u00e9 sim! A fotografia nos permite isso! E quando o assunto s\u00e3o as lembran\u00e7as familiares [&hellip;]<\/p>\n","protected":false},"author":1,"featured_media":0,"parent":0,"menu_order":0,"comment_status":"closed","ping_status":"closed","template":"","meta":{"footnotes":""},"class_list":["post-62","page","type-page","status-publish","hentry"],"_links":{"self":[{"href":"https:\/\/cristinalonghifotografia.com.br\/index.php?rest_route=\/wp\/v2\/pages\/62","targetHints":{"allow":["GET"]}}],"collection":[{"href":"https:\/\/cristinalonghifotografia.com.br\/index.php?rest_route=\/wp\/v2\/pages"}],"about":[{"href":"https:\/\/cristinalonghifotografia.com.br\/index.php?rest_route=\/wp\/v2\/types\/page"}],"author":[{"embeddable":true,"href":"https:\/\/cristinalonghifotografia.com.br\/index.php?rest_route=\/wp\/v2\/users\/1"}],"replies":[{"embeddable":true,"href":"https:\/\/cristinalonghifotografia.com.br\/index.php?rest_route=%2Fwp%2Fv2%2Fcomments&post=62"}],"version-history":[{"count":3,"href":"https:\/\/cristinalonghifotografia.com.br\/index.php?rest_route=\/wp\/v2\/pages\/62\/revisions"}],"predecessor-version":[{"id":246,"href":"https:\/\/cristinalonghifotografia.com.br\/index.php?rest_route=\/wp\/v2\/pages\/62\/revisions\/246"}],"wp:attachment":[{"href":"https:\/\/cristinalonghifotografia.com.br\/index.php?rest_route=%2Fwp%2Fv2%2Fmedia&parent=62"}],"curies":[{"name":"wp","href":"https:\/\/api.w.org\/{rel}","templated":true}]}}