{"id":60,"date":"2022-08-04T13:39:13","date_gmt":"2022-08-04T16:39:13","guid":{"rendered":"http:\/\/cristinalonghifotografia.com.br\/?page_id=60"},"modified":"2022-08-09T16:21:25","modified_gmt":"2022-08-09T19:21:25","slug":"aniversario-infantil","status":"publish","type":"page","link":"https:\/\/cristinalonghifotografia.com.br\/?page_id=60","title":{"rendered":"Anivers\u00e1rio Infantil"},"content":{"rendered":"\n<p style=\"font-size:22px;font-style:normal;font-weight:500\">Um dia t\u00e3o especial como esse merece ser registrado pelas lentes de um fot\u00f3grafo profissional. Afinal, apenas as fotos da c\u00e2mera do celular certamente n\u00e3o ser\u00e3o suficientes para eternizar os detalhes e a emo\u00e7\u00e3o do momento.<\/p>\n\n\n\n<p style=\"font-size:22px;font-style:normal;font-weight:500\">Ao contr\u00e1rio do que muitos pensam, n\u00e3o importa se festa infantil ser\u00e1 em um buffet, no sal\u00e3o de festas do seu pr\u00e9dio, no s\u00edtio da fam\u00edlia ou em casa. O importante \u00e9 que todos detalhes sejam captados sob um olhar \u00fanico e especializado.<\/p>\n\n\n<div class=\"carousel-slider-outer carousel-slider-outer-image-carousel carousel-slider-outer-220\" style=\"--carousel-slider-nav-color:#f1f1f1;--carousel-slider-active-nav-color:#00d1b2;--carousel-slider-arrow-size:48px;--carousel-slider-bullet-size:10px\">\n<div id=\"&#039;id-220\" class=\"carousel-slider carousel-slider-220 arrows-visibility-hover dots-visibility-never arrows-outside dots-center dots-circle owl-carousel\" data-slide-type=\"image-carousel\" data-owl-settings='{\"nav\":true,\"dots\":false,\"slideBy\":1,\"stagePadding\":0,\"margin\":10,\"loop\":true,\"lazyLoad\":false,\"autoplay\":true,\"autoplayTimeout\":5000,\"autoplaySpeed\":500,\"autoplayHoverPause\":true,\"autoWidth\":false,\"responsive\":{\"300\":{\"items\":1},\"576\":{\"items\":2},\"768\":{\"items\":2},\"1024\":{\"items\":3},\"1280\":{\"items\":4},\"1536\":{\"items\":5}}}'>\n<div class=\"carousel-slider__item\">\n\t<a class=\"magnific-popup\" href=\"https:\/\/cristinalonghifotografia.com.br\/wp-content\/uploads\/2022\/08\/niver1.jpg\" data-width=\"456\" data-height=\"504\"><img loading=\"lazy\" decoding=\"async\" width=\"456\" height=\"504\" src=\"https:\/\/cristinalonghifotografia.com.br\/wp-content\/uploads\/2022\/08\/niver1.jpg\" class=\"attachment-full size-full\" alt=\"\" srcset=\"https:\/\/cristinalonghifotografia.com.br\/wp-content\/uploads\/2022\/08\/niver1.jpg 456w, https:\/\/cristinalonghifotografia.com.br\/wp-content\/uploads\/2022\/08\/niver1-271x300.jpg 271w\" sizes=\"auto, (max-width: 456px) 100vw, 456px\" \/><div class=\"carousel-slider__caption\"><p class=\"caption\"><\/p><\/div><\/a><\/div>\n\n<div class=\"carousel-slider__item\">\n\t<a class=\"magnific-popup\" href=\"https:\/\/cristinalonghifotografia.com.br\/wp-content\/uploads\/2022\/08\/niver2.jpg\" data-width=\"456\" data-height=\"504\"><img loading=\"lazy\" decoding=\"async\" width=\"456\" height=\"504\" src=\"https:\/\/cristinalonghifotografia.com.br\/wp-content\/uploads\/2022\/08\/niver2.jpg\" class=\"attachment-full size-full\" alt=\"\" srcset=\"https:\/\/cristinalonghifotografia.com.br\/wp-content\/uploads\/2022\/08\/niver2.jpg 456w, https:\/\/cristinalonghifotografia.com.br\/wp-content\/uploads\/2022\/08\/niver2-271x300.jpg 271w\" sizes=\"auto, (max-width: 456px) 100vw, 456px\" \/><div class=\"carousel-slider__caption\"><p class=\"caption\"><\/p><\/div><\/a><\/div>\n\n<div class=\"carousel-slider__item\">\n\t<a class=\"magnific-popup\" href=\"https:\/\/cristinalonghifotografia.com.br\/wp-content\/uploads\/2022\/08\/niver3.jpg\" data-width=\"456\" data-height=\"504\"><img loading=\"lazy\" decoding=\"async\" width=\"456\" height=\"504\" src=\"https:\/\/cristinalonghifotografia.com.br\/wp-content\/uploads\/2022\/08\/niver3.jpg\" class=\"attachment-full size-full\" alt=\"\" srcset=\"https:\/\/cristinalonghifotografia.com.br\/wp-content\/uploads\/2022\/08\/niver3.jpg 456w, https:\/\/cristinalonghifotografia.com.br\/wp-content\/uploads\/2022\/08\/niver3-271x300.jpg 271w\" sizes=\"auto, (max-width: 456px) 100vw, 456px\" \/><div class=\"carousel-slider__caption\"><p class=\"caption\"><\/p><\/div><\/a><\/div>\n\n<div class=\"carousel-slider__item\">\n\t<a class=\"magnific-popup\" href=\"https:\/\/cristinalonghifotografia.com.br\/wp-content\/uploads\/2022\/08\/niver4.jpg\" data-width=\"456\" data-height=\"504\"><img loading=\"lazy\" decoding=\"async\" width=\"456\" height=\"504\" src=\"https:\/\/cristinalonghifotografia.com.br\/wp-content\/uploads\/2022\/08\/niver4.jpg\" class=\"attachment-full size-full\" alt=\"\" srcset=\"https:\/\/cristinalonghifotografia.com.br\/wp-content\/uploads\/2022\/08\/niver4.jpg 456w, https:\/\/cristinalonghifotografia.com.br\/wp-content\/uploads\/2022\/08\/niver4-271x300.jpg 271w\" sizes=\"auto, (max-width: 456px) 100vw, 456px\" \/><div class=\"carousel-slider__caption\"><p class=\"caption\"><\/p><\/div><\/a><\/div>\n\n<div class=\"carousel-slider__item\">\n\t<a class=\"magnific-popup\" href=\"https:\/\/cristinalonghifotografia.com.br\/wp-content\/uploads\/2022\/08\/niver5.jpg\" data-width=\"456\" data-height=\"504\"><img loading=\"lazy\" decoding=\"async\" width=\"456\" height=\"504\" src=\"https:\/\/cristinalonghifotografia.com.br\/wp-content\/uploads\/2022\/08\/niver5.jpg\" class=\"attachment-full size-full\" alt=\"\" srcset=\"https:\/\/cristinalonghifotografia.com.br\/wp-content\/uploads\/2022\/08\/niver5.jpg 456w, https:\/\/cristinalonghifotografia.com.br\/wp-content\/uploads\/2022\/08\/niver5-271x300.jpg 271w\" sizes=\"auto, (max-width: 456px) 100vw, 456px\" \/><div class=\"carousel-slider__caption\"><p class=\"caption\"><\/p><\/div><\/a><\/div>\n\n<\/div><!-- .carousel-slider-220 -->\n<\/div><!-- .carousel-slider-outer-220 -->\n\n\n\n\n<p style=\"font-size:22px;font-style:normal;font-weight:500\"><br>Da decora\u00e7\u00e3o \u00e0s fotos posadas, brincadeiras e at\u00e9 mesmo a intera\u00e7\u00e3o com os convidados, o servi\u00e7o de fotografia de festa infantil \u00e9 desenvolvido de acordo com as necessidades e vontades dos pais. Isso garante registros de um dia t\u00e3o especial ainda mais bonitos e \u00fanicos.<\/p>\n\n\n\n<p style=\"font-size:22px;font-style:normal;font-weight:500\">Com o apoio de um profissional, voc\u00ea poder\u00e1 lembrar de todos os momentos de um jeito ainda mais especial.<\/p>\n\n\n\n<p><\/p>\n\n\n\n<p style=\"font-size:22px\"><strong>(11) 98378-6485<\/strong><\/p>\n","protected":false},"excerpt":{"rendered":"<p>Um dia t\u00e3o especial como esse merece ser registrado pelas lentes de um fot\u00f3grafo profissional. Afinal, apenas as fotos da c\u00e2mera do celular certamente n\u00e3o ser\u00e3o suficientes para eternizar os detalhes e a emo\u00e7\u00e3o do momento. Ao contr\u00e1rio do que muitos pensam, n\u00e3o importa se festa infantil ser\u00e1 em um buffet, no sal\u00e3o de festas [&hellip;]<\/p>\n","protected":false},"author":1,"featured_media":0,"parent":0,"menu_order":0,"comment_status":"closed","ping_status":"closed","template":"","meta":{"footnotes":""},"class_list":["post-60","page","type-page","status-publish","hentry"],"_links":{"self":[{"href":"https:\/\/cristinalonghifotografia.com.br\/index.php?rest_route=\/wp\/v2\/pages\/60","targetHints":{"allow":["GET"]}}],"collection":[{"href":"https:\/\/cristinalonghifotografia.com.br\/index.php?rest_route=\/wp\/v2\/pages"}],"about":[{"href":"https:\/\/cristinalonghifotografia.com.br\/index.php?rest_route=\/wp\/v2\/types\/page"}],"author":[{"embeddable":true,"href":"https:\/\/cristinalonghifotografia.com.br\/index.php?rest_route=\/wp\/v2\/users\/1"}],"replies":[{"embeddable":true,"href":"https:\/\/cristinalonghifotografia.com.br\/index.php?rest_route=%2Fwp%2Fv2%2Fcomments&post=60"}],"version-history":[{"count":5,"href":"https:\/\/cristinalonghifotografia.com.br\/index.php?rest_route=\/wp\/v2\/pages\/60\/revisions"}],"predecessor-version":[{"id":259,"href":"https:\/\/cristinalonghifotografia.com.br\/index.php?rest_route=\/wp\/v2\/pages\/60\/revisions\/259"}],"wp:attachment":[{"href":"https:\/\/cristinalonghifotografia.com.br\/index.php?rest_route=%2Fwp%2Fv2%2Fmedia&parent=60"}],"curies":[{"name":"wp","href":"https:\/\/api.w.org\/{rel}","templated":true}]}}