{"id":58,"date":"2022-08-04T13:38:35","date_gmt":"2022-08-04T16:38:35","guid":{"rendered":"http:\/\/cristinalonghifotografia.com.br\/?page_id=58"},"modified":"2022-08-09T15:34:28","modified_gmt":"2022-08-09T18:34:28","slug":"sobre-mim","status":"publish","type":"page","link":"https:\/\/cristinalonghifotografia.com.br\/?page_id=58","title":{"rendered":"Sobre"},"content":{"rendered":"\n<p style=\"font-size:22px;font-style:normal;font-weight:500\">Bem vindo ao meu site, eu sou a fot\u00f3grafa Cristina Longhi, realizo fotos para anivers\u00e1rios, fam\u00edlia, ensaios femininos, eventos e em especial fotos para ch\u00e1 revela\u00e7\u00e3o.<\/p>\n\n\n<div class=\"carousel-slider-outer carousel-slider-outer-image-carousel carousel-slider-outer-200\" style=\"--carousel-slider-nav-color:#f1f1f1;--carousel-slider-active-nav-color:#00d1b2;--carousel-slider-arrow-size:48px;--carousel-slider-bullet-size:10px\">\n<div id=\"&#039;id-200\" class=\"carousel-slider carousel-slider-200 arrows-visibility-hover dots-visibility-never arrows-outside dots-center dots-circle owl-carousel\" data-slide-type=\"image-carousel\" data-owl-settings='{\"nav\":true,\"dots\":false,\"slideBy\":1,\"stagePadding\":0,\"margin\":10,\"loop\":true,\"lazyLoad\":false,\"autoplay\":true,\"autoplayTimeout\":5000,\"autoplaySpeed\":500,\"autoplayHoverPause\":true,\"autoWidth\":false,\"responsive\":{\"300\":{\"items\":1},\"576\":{\"items\":2},\"768\":{\"items\":2},\"1024\":{\"items\":3},\"1280\":{\"items\":4},\"1536\":{\"items\":5}}}'>\n<div class=\"carousel-slider__item\">\n\t<a class=\"magnific-popup\" href=\"https:\/\/cristinalonghifotografia.com.br\/wp-content\/uploads\/2022\/08\/sobre1.jpg\" data-width=\"456\" data-height=\"504\"><img loading=\"lazy\" decoding=\"async\" width=\"456\" height=\"504\" src=\"https:\/\/cristinalonghifotografia.com.br\/wp-content\/uploads\/2022\/08\/sobre1.jpg\" class=\"attachment-full size-full\" alt=\"\" srcset=\"https:\/\/cristinalonghifotografia.com.br\/wp-content\/uploads\/2022\/08\/sobre1.jpg 456w, https:\/\/cristinalonghifotografia.com.br\/wp-content\/uploads\/2022\/08\/sobre1-271x300.jpg 271w\" sizes=\"auto, (max-width: 456px) 100vw, 456px\" \/><div class=\"carousel-slider__caption\"><p class=\"caption\"><\/p><\/div><\/a><\/div>\n\n<div class=\"carousel-slider__item\">\n\t<a class=\"magnific-popup\" href=\"https:\/\/cristinalonghifotografia.com.br\/wp-content\/uploads\/2022\/08\/sobre2.jpg\" data-width=\"456\" data-height=\"504\"><img loading=\"lazy\" decoding=\"async\" width=\"456\" height=\"504\" src=\"https:\/\/cristinalonghifotografia.com.br\/wp-content\/uploads\/2022\/08\/sobre2.jpg\" class=\"attachment-full size-full\" alt=\"\" srcset=\"https:\/\/cristinalonghifotografia.com.br\/wp-content\/uploads\/2022\/08\/sobre2.jpg 456w, https:\/\/cristinalonghifotografia.com.br\/wp-content\/uploads\/2022\/08\/sobre2-271x300.jpg 271w\" sizes=\"auto, (max-width: 456px) 100vw, 456px\" \/><div class=\"carousel-slider__caption\"><p class=\"caption\"><\/p><\/div><\/a><\/div>\n\n<div class=\"carousel-slider__item\">\n\t<a class=\"magnific-popup\" href=\"https:\/\/cristinalonghifotografia.com.br\/wp-content\/uploads\/2022\/08\/sobre3.jpg\" data-width=\"456\" data-height=\"504\"><img loading=\"lazy\" decoding=\"async\" width=\"456\" height=\"504\" src=\"https:\/\/cristinalonghifotografia.com.br\/wp-content\/uploads\/2022\/08\/sobre3.jpg\" class=\"attachment-full size-full\" alt=\"\" srcset=\"https:\/\/cristinalonghifotografia.com.br\/wp-content\/uploads\/2022\/08\/sobre3.jpg 456w, https:\/\/cristinalonghifotografia.com.br\/wp-content\/uploads\/2022\/08\/sobre3-271x300.jpg 271w\" sizes=\"auto, (max-width: 456px) 100vw, 456px\" \/><div class=\"carousel-slider__caption\"><p class=\"caption\"><\/p><\/div><\/a><\/div>\n\n<div class=\"carousel-slider__item\">\n\t<a class=\"magnific-popup\" href=\"https:\/\/cristinalonghifotografia.com.br\/wp-content\/uploads\/2022\/08\/sobre4.jpg\" data-width=\"456\" data-height=\"504\"><img loading=\"lazy\" decoding=\"async\" width=\"456\" height=\"504\" src=\"https:\/\/cristinalonghifotografia.com.br\/wp-content\/uploads\/2022\/08\/sobre4.jpg\" class=\"attachment-full size-full\" alt=\"\" srcset=\"https:\/\/cristinalonghifotografia.com.br\/wp-content\/uploads\/2022\/08\/sobre4.jpg 456w, https:\/\/cristinalonghifotografia.com.br\/wp-content\/uploads\/2022\/08\/sobre4-271x300.jpg 271w\" sizes=\"auto, (max-width: 456px) 100vw, 456px\" \/><div class=\"carousel-slider__caption\"><p class=\"caption\"><\/p><\/div><\/a><\/div>\n\n<div class=\"carousel-slider__item\">\n\t<a class=\"magnific-popup\" href=\"https:\/\/cristinalonghifotografia.com.br\/wp-content\/uploads\/2022\/08\/sobre5.jpg\" data-width=\"456\" data-height=\"504\"><img loading=\"lazy\" decoding=\"async\" width=\"456\" height=\"504\" src=\"https:\/\/cristinalonghifotografia.com.br\/wp-content\/uploads\/2022\/08\/sobre5.jpg\" class=\"attachment-full size-full\" alt=\"\" srcset=\"https:\/\/cristinalonghifotografia.com.br\/wp-content\/uploads\/2022\/08\/sobre5.jpg 456w, https:\/\/cristinalonghifotografia.com.br\/wp-content\/uploads\/2022\/08\/sobre5-271x300.jpg 271w\" sizes=\"auto, (max-width: 456px) 100vw, 456px\" \/><div class=\"carousel-slider__caption\"><p class=\"caption\"><\/p><\/div><\/a><\/div>\n\n<\/div><!-- .carousel-slider-200 -->\n<\/div><!-- .carousel-slider-outer-200 -->\n\n\n\n\n<p><\/p>\n\n\n\n<p style=\"font-size:22px\"><strong>(11) 98378-6485<\/strong><\/p>\n","protected":false},"excerpt":{"rendered":"<p>Bem vindo ao meu site, eu sou a fot\u00f3grafa Cristina Longhi, realizo fotos para anivers\u00e1rios, fam\u00edlia, ensaios femininos, eventos e em especial fotos para ch\u00e1 revela\u00e7\u00e3o. (11) 98378-6485<\/p>\n","protected":false},"author":1,"featured_media":0,"parent":0,"menu_order":0,"comment_status":"closed","ping_status":"closed","template":"","meta":{"footnotes":""},"class_list":["post-58","page","type-page","status-publish","hentry"],"_links":{"self":[{"href":"https:\/\/cristinalonghifotografia.com.br\/index.php?rest_route=\/wp\/v2\/pages\/58","targetHints":{"allow":["GET"]}}],"collection":[{"href":"https:\/\/cristinalonghifotografia.com.br\/index.php?rest_route=\/wp\/v2\/pages"}],"about":[{"href":"https:\/\/cristinalonghifotografia.com.br\/index.php?rest_route=\/wp\/v2\/types\/page"}],"author":[{"embeddable":true,"href":"https:\/\/cristinalonghifotografia.com.br\/index.php?rest_route=\/wp\/v2\/users\/1"}],"replies":[{"embeddable":true,"href":"https:\/\/cristinalonghifotografia.com.br\/index.php?rest_route=%2Fwp%2Fv2%2Fcomments&post=58"}],"version-history":[{"count":8,"href":"https:\/\/cristinalonghifotografia.com.br\/index.php?rest_route=\/wp\/v2\/pages\/58\/revisions"}],"predecessor-version":[{"id":248,"href":"https:\/\/cristinalonghifotografia.com.br\/index.php?rest_route=\/wp\/v2\/pages\/58\/revisions\/248"}],"wp:attachment":[{"href":"https:\/\/cristinalonghifotografia.com.br\/index.php?rest_route=%2Fwp%2Fv2%2Fmedia&parent=58"}],"curies":[{"name":"wp","href":"https:\/\/api.w.org\/{rel}","templated":true}]}}