{"id":268,"date":"2022-08-10T15:52:38","date_gmt":"2022-08-10T18:52:38","guid":{"rendered":"http:\/\/cristinalonghifotografia.com.br\/?page_id=268"},"modified":"2022-08-11T10:25:10","modified_gmt":"2022-08-11T13:25:10","slug":"ensaio-gestantes","status":"publish","type":"page","link":"https:\/\/cristinalonghifotografia.com.br\/?page_id=268","title":{"rendered":"Ensaio Gestantes"},"content":{"rendered":"\n<p style=\"font-size:22px;font-style:normal;font-weight:500\">O momento em que se carrega um beb\u00ea na barriga \u00e9 muito especial para algumas mulheres que, para eternizar esse momento na mem\u00f3ria, optam por fazer belos ensaios fotogr\u00e1ficos, garantindo aquelas lembran\u00e7as para sempre.<\/p>\n\n\n<div class=\"carousel-slider-outer carousel-slider-outer-image-carousel carousel-slider-outer-272\" style=\"--carousel-slider-nav-color:#f1f1f1;--carousel-slider-active-nav-color:#00d1b2;--carousel-slider-arrow-size:48px;--carousel-slider-bullet-size:10px\">\n<div id=\"&#039;id-272\" class=\"carousel-slider carousel-slider-272 arrows-visibility-hover dots-visibility-never arrows-outside dots-center dots-circle owl-carousel\" data-slide-type=\"image-carousel\" data-owl-settings='{\"nav\":true,\"dots\":false,\"slideBy\":1,\"stagePadding\":0,\"margin\":10,\"loop\":true,\"lazyLoad\":false,\"autoplay\":true,\"autoplayTimeout\":5000,\"autoplaySpeed\":500,\"autoplayHoverPause\":true,\"autoWidth\":false,\"responsive\":{\"300\":{\"items\":1},\"576\":{\"items\":2},\"768\":{\"items\":2},\"1024\":{\"items\":3},\"1280\":{\"items\":4},\"1536\":{\"items\":5}}}'>\n<div class=\"carousel-slider__item\">\n\t<a class=\"magnific-popup\" href=\"https:\/\/cristinalonghifotografia.com.br\/wp-content\/uploads\/2022\/08\/gestante1.jpg\" data-width=\"456\" data-height=\"504\"><img loading=\"lazy\" decoding=\"async\" width=\"456\" height=\"504\" src=\"https:\/\/cristinalonghifotografia.com.br\/wp-content\/uploads\/2022\/08\/gestante1.jpg\" class=\"attachment-full size-full\" alt=\"\" srcset=\"https:\/\/cristinalonghifotografia.com.br\/wp-content\/uploads\/2022\/08\/gestante1.jpg 456w, https:\/\/cristinalonghifotografia.com.br\/wp-content\/uploads\/2022\/08\/gestante1-271x300.jpg 271w\" sizes=\"auto, (max-width: 456px) 100vw, 456px\" \/><div class=\"carousel-slider__caption\"><p class=\"caption\"><\/p><\/div><\/a><\/div>\n\n<div class=\"carousel-slider__item\">\n\t<a class=\"magnific-popup\" href=\"https:\/\/cristinalonghifotografia.com.br\/wp-content\/uploads\/2022\/08\/gestante2.jpg\" data-width=\"456\" data-height=\"504\"><img loading=\"lazy\" decoding=\"async\" width=\"456\" height=\"504\" src=\"https:\/\/cristinalonghifotografia.com.br\/wp-content\/uploads\/2022\/08\/gestante2.jpg\" class=\"attachment-full size-full\" alt=\"\" srcset=\"https:\/\/cristinalonghifotografia.com.br\/wp-content\/uploads\/2022\/08\/gestante2.jpg 456w, https:\/\/cristinalonghifotografia.com.br\/wp-content\/uploads\/2022\/08\/gestante2-271x300.jpg 271w\" sizes=\"auto, (max-width: 456px) 100vw, 456px\" \/><div class=\"carousel-slider__caption\"><p class=\"caption\"><\/p><\/div><\/a><\/div>\n\n<div class=\"carousel-slider__item\">\n\t<a class=\"magnific-popup\" href=\"https:\/\/cristinalonghifotografia.com.br\/wp-content\/uploads\/2022\/08\/gestante3.jpg\" data-width=\"456\" data-height=\"504\"><img loading=\"lazy\" decoding=\"async\" width=\"456\" height=\"504\" src=\"https:\/\/cristinalonghifotografia.com.br\/wp-content\/uploads\/2022\/08\/gestante3.jpg\" class=\"attachment-full size-full\" alt=\"\" srcset=\"https:\/\/cristinalonghifotografia.com.br\/wp-content\/uploads\/2022\/08\/gestante3.jpg 456w, https:\/\/cristinalonghifotografia.com.br\/wp-content\/uploads\/2022\/08\/gestante3-271x300.jpg 271w\" sizes=\"auto, (max-width: 456px) 100vw, 456px\" \/><div class=\"carousel-slider__caption\"><p class=\"caption\"><\/p><\/div><\/a><\/div>\n\n<div class=\"carousel-slider__item\">\n\t<a class=\"magnific-popup\" href=\"https:\/\/cristinalonghifotografia.com.br\/wp-content\/uploads\/2022\/08\/gestante4.jpg\" data-width=\"456\" data-height=\"504\"><img loading=\"lazy\" decoding=\"async\" width=\"456\" height=\"504\" src=\"https:\/\/cristinalonghifotografia.com.br\/wp-content\/uploads\/2022\/08\/gestante4.jpg\" class=\"attachment-full size-full\" alt=\"\" srcset=\"https:\/\/cristinalonghifotografia.com.br\/wp-content\/uploads\/2022\/08\/gestante4.jpg 456w, https:\/\/cristinalonghifotografia.com.br\/wp-content\/uploads\/2022\/08\/gestante4-271x300.jpg 271w\" sizes=\"auto, (max-width: 456px) 100vw, 456px\" \/><div class=\"carousel-slider__caption\"><p class=\"caption\"><\/p><\/div><\/a><\/div>\n\n<div class=\"carousel-slider__item\">\n\t<a class=\"magnific-popup\" href=\"https:\/\/cristinalonghifotografia.com.br\/wp-content\/uploads\/2022\/08\/gestante5.jpg\" data-width=\"456\" data-height=\"504\"><img loading=\"lazy\" decoding=\"async\" width=\"456\" height=\"504\" src=\"https:\/\/cristinalonghifotografia.com.br\/wp-content\/uploads\/2022\/08\/gestante5.jpg\" class=\"attachment-full size-full\" alt=\"\" srcset=\"https:\/\/cristinalonghifotografia.com.br\/wp-content\/uploads\/2022\/08\/gestante5.jpg 456w, https:\/\/cristinalonghifotografia.com.br\/wp-content\/uploads\/2022\/08\/gestante5-271x300.jpg 271w\" sizes=\"auto, (max-width: 456px) 100vw, 456px\" \/><div class=\"carousel-slider__caption\"><p class=\"caption\"><\/p><\/div><\/a><\/div>\n\n<\/div><!-- .carousel-slider-272 -->\n<\/div><!-- .carousel-slider-outer-272 -->\n\n\n\n\n<p style=\"font-size:22px;font-style:normal;font-weight:500\"><br>O ensaio fotogr\u00e1fico \u00e9 a melhor maneira de registrar e eternizar esta fase especial, as emo\u00e7\u00f5es que est\u00e3o se desenvolvendo e os detalhes deste momento m\u00e1gico! As fotografias permitem reviver os bons momentos e lembrar dos detalhes que a nossa mem\u00f3ria quem sabe n\u00e3o consiga guardar por muito tempo.<\/p>\n\n\n\n<p style=\"font-size:22px;font-style:normal;font-weight:500\">O ensaio fotogr\u00e1fico realizado por um valorizar\u00e1 o corpo da gestante, as poses que destacam as curvas e o formato da barriga, a luz que fica mais adequada para aquele ambiente.<\/p>\n\n\n\n<p style=\"font-size:22px\"><strong>(11) 98378-6485<\/strong><\/p>\n","protected":false},"excerpt":{"rendered":"<p>O momento em que se carrega um beb\u00ea na barriga \u00e9 muito especial para algumas mulheres que, para eternizar esse momento na mem\u00f3ria, optam por fazer belos ensaios fotogr\u00e1ficos, garantindo aquelas lembran\u00e7as para sempre. O ensaio fotogr\u00e1fico \u00e9 a melhor maneira de registrar e eternizar esta fase especial, as emo\u00e7\u00f5es que est\u00e3o se desenvolvendo e [&hellip;]<\/p>\n","protected":false},"author":1,"featured_media":0,"parent":0,"menu_order":0,"comment_status":"closed","ping_status":"closed","template":"","meta":{"footnotes":""},"class_list":["post-268","page","type-page","status-publish","hentry"],"_links":{"self":[{"href":"https:\/\/cristinalonghifotografia.com.br\/index.php?rest_route=\/wp\/v2\/pages\/268","targetHints":{"allow":["GET"]}}],"collection":[{"href":"https:\/\/cristinalonghifotografia.com.br\/index.php?rest_route=\/wp\/v2\/pages"}],"about":[{"href":"https:\/\/cristinalonghifotografia.com.br\/index.php?rest_route=\/wp\/v2\/types\/page"}],"author":[{"embeddable":true,"href":"https:\/\/cristinalonghifotografia.com.br\/index.php?rest_route=\/wp\/v2\/users\/1"}],"replies":[{"embeddable":true,"href":"https:\/\/cristinalonghifotografia.com.br\/index.php?rest_route=%2Fwp%2Fv2%2Fcomments&post=268"}],"version-history":[{"count":4,"href":"https:\/\/cristinalonghifotografia.com.br\/index.php?rest_route=\/wp\/v2\/pages\/268\/revisions"}],"predecessor-version":[{"id":280,"href":"https:\/\/cristinalonghifotografia.com.br\/index.php?rest_route=\/wp\/v2\/pages\/268\/revisions\/280"}],"wp:attachment":[{"href":"https:\/\/cristinalonghifotografia.com.br\/index.php?rest_route=%2Fwp%2Fv2%2Fmedia&parent=268"}],"curies":[{"name":"wp","href":"https:\/\/api.w.org\/{rel}","templated":true}]}}